{"id":7,"date":"2025-12-17T14:33:45","date_gmt":"2025-12-17T13:33:45","guid":{"rendered":"https:\/\/optimiza.laprimera.net\/antes\/shop\/"},"modified":"2025-12-18T13:42:14","modified_gmt":"2025-12-18T12:42:14","slug":"inicio","status":"publish","type":"page","link":"https:\/\/optimiza.laprimera.net\/antes\/","title":{"rendered":"Inicio"},"content":{"rendered":"<p>[et_pb_section fb_built=\u00bb1&#8243; _builder_version=\u00bb4.27.5&#8243; _module_preset=\u00bbdefault\u00bb background_image=\u00bbhttps:\/\/optimiza.laprimera.net\/antes\/wp-content\/uploads\/2025\/12\/shop-375.jpg\u00bb background_position=\u00bbbottom_center\u00bb custom_padding=\u00bb47px||47px||true|false\u00bb border_color_right=\u00bb#FFFFFF\u00bb border_color_left=\u00bb#FFFFFF\u00bb border_width_right_tablet=\u00bb20px\u00bb border_width_right_phone=\u00bb10px\u00bb border_width_right_last_edited=\u00bboff|desktop\u00bb border_width_left_tablet=\u00bb20px\u00bb border_width_left_phone=\u00bb10px\u00bb border_width_left_last_edited=\u00bboff|desktop\u00bb global_colors_info=\u00bb{}\u00bb][et_pb_row column_structure=\u00bb1_2,1_2&#8243; use_custom_gutter=\u00bbon\u00bb gutter_width=\u00bb2&#8243; make_equal=\u00bbon\u00bb _builder_version=\u00bb4.27.5&#8243; _module_preset=\u00bbdefault\u00bb width=\u00bb90%\u00bb width_tablet=\u00bb90%\u00bb width_phone=\u00bb90%\u00bb width_last_edited=\u00bbon|tablet\u00bb max_width=\u00bb1170px\u00bb max_width_tablet=\u00bb90%\u00bb max_width_phone=\u00bb90%\u00bb max_width_last_edited=\u00bbon|desktop\u00bb custom_padding=\u00bb0px||0px||true|false\u00bb global_colors_info=\u00bb{}\u00bb][et_pb_column type=\u00bb1_2&#8243; _builder_version=\u00bb4.27.5&#8243; _module_preset=\u00bbdefault\u00bb custom_padding=\u00bb100px||||false|false\u00bb custom_padding_tablet=\u00bb30px||||false|false\u00bb custom_padding_phone=\u00bb30px||||false|false\u00bb custom_padding_last_edited=\u00bbon|phone\u00bb animation_direction=\u00bbtop\u00bb global_colors_info=\u00bb{}\u00bb][et_pb_text _builder_version=\u00bb4.27.5&#8243; _module_preset=\u00bbdefault\u00bb text_font=\u00bbSyne|700||on|||||\u00bb text_text_color=\u00bb#8f8f8f\u00bb text_font_size=\u00bb13px\u00bb text_letter_spacing=\u00bb5px\u00bb text_line_height=\u00bb1em\u00bb global_colors_info=\u00bb{}\u00bb]<\/p>\n<p>LA PRIMERA TELECOMUNICACI\u00d3N<\/p>\n<p>[\/et_pb_text][et_pb_text _builder_version=\u00bb4.27.5&#8243; _module_preset=\u00bbdefault\u00bb header_font=\u00bbPoppins|700|||||||\u00bb header_text_align=\u00bbleft\u00bb header_text_color=\u00bb#000000&#8243; header_font_size=\u00bb82px\u00bb header_letter_spacing=\u00bb-1px\u00bb custom_margin=\u00bb35px||||false|false\u00bb custom_margin_tablet=\u00bb25px||||false|false\u00bb custom_margin_phone=\u00bb-5px||||false|false\u00bb custom_margin_last_edited=\u00bbon|phone\u00bb header_font_size_tablet=\u00bb\u00bb header_font_size_phone=\u00bb45px\u00bb header_font_size_last_edited=\u00bbon|phone\u00bb global_colors_info=\u00bb{}\u00bb]<\/p>\n<h1>Optimiza <span style=\"color: #0c71c3;\">tus productos<\/span><\/h1>\n<p>[\/et_pb_text][et_pb_blurb title=\u00bbOptimiza tus productos\u00bb use_icon=\u00bbon\u00bb font_icon=\u00bb&#xf044;||fa||400&#8243; icon_color=\u00bbgcid-0301cf1c-1d30-4bfe-b1ad-c1ad903086c4&#8243; icon_placement=\u00bbleft\u00bb image_icon_width=\u00bb55px\u00bb content_max_width=\u00bb100%\u00bb _builder_version=\u00bb4.27.5&#8243; _module_preset=\u00bbdefault\u00bb header_font=\u00bbPoppins|600|||||||\u00bb header_text_color=\u00bb#000000&#8243; header_font_size=\u00bb18.1px\u00bb header_line_height=\u00bb1.4em\u00bb body_font=\u00bbSyne||||||||\u00bb body_text_align=\u00bbleft\u00bb body_text_color=\u00bb#8f8f8f\u00bb body_font_size=\u00bb16px\u00bb body_line_height=\u00bb1.3em\u00bb module_alignment=\u00bbleft\u00bb animation=\u00bboff\u00bb border_width_right_image=\u00bb5px\u00bb border_color_right_image=\u00bbRGBA(0,0,0,0)\u00bb image_max_width=\u00bb55px\u00bb global_colors_info=\u00bb{%22gcid-0301cf1c-1d30-4bfe-b1ad-c1ad903086c4%22:%91%22icon_color%22%93}\u00bb]<\/p>\n<p>A continuaci\u00f3n encontrar\u00e1s una variedad de productos de ejemplo, as\u00ed podr\u00e1s ver el antes y el despu\u00e9s de c\u00f3mo pueden llegar a verse tus productos en tu tienda online.<\/p>\n<p>[\/et_pb_blurb][et_pb_text _builder_version=\u00bb4.27.5&#8243; _module_preset=\u00bbdefault\u00bb text_font=\u00bbSyne||||||||\u00bb text_text_color=\u00bb#8f8f8f\u00bb text_font_size=\u00bb16px\u00bb text_line_height=\u00bb1.8em\u00bb custom_margin=\u00bb25px||||false|false\u00bb custom_margin_tablet=\u00bb-5px||||false|false\u00bb custom_margin_phone=\u00bb-5px||||false|false\u00bb custom_margin_last_edited=\u00bbon|phone\u00bb global_colors_info=\u00bb{}\u00bb]<\/p>\n<p>Descubre el antes y el despu\u00e9s de c\u00f3mo pueden verse tus productos tras contratar nuestro servicio.<\/p>\n<p>[\/et_pb_text][et_pb_button button_text=\u00bbVER EL DESPU\u00c9S\u00bb button_alignment=\u00bbleft\u00bb _builder_version=\u00bb4.27.5&#8243; _module_preset=\u00bbdefault\u00bb custom_button=\u00bbon\u00bb button_text_size=\u00bb12px\u00bb button_text_color=\u00bb#FFFFFF\u00bb button_bg_color=\u00bbgcid-0301cf1c-1d30-4bfe-b1ad-c1ad903086c4&#8243; button_border_width=\u00bb0px\u00bb button_border_color=\u00bb#b20f0f\u00bb button_border_radius=\u00bb0px\u00bb button_letter_spacing=\u00bb1px\u00bb button_font=\u00bbSyne|700|||||||\u00bb button_use_icon=\u00bboff\u00bb custom_margin=\u00bb40px||||false|false\u00bb custom_margin_tablet=\u00bb35px||||false|false\u00bb custom_margin_phone=\u00bb35px||||false|false\u00bb custom_margin_last_edited=\u00bbon|phone\u00bb custom_padding=\u00bb22px|50px|22px|50px|true|true\u00bb hover_enabled=\u00bb0&#8243; global_colors_info=\u00bb{%22gcid-0301cf1c-1d30-4bfe-b1ad-c1ad903086c4%22:%91%22button_bg_color%22%93}\u00bb button_text_color__hover_enabled=\u00bbon|hover\u00bb button_text_color__hover=\u00bb#FFFFFF\u00bb button_bg_color__hover_enabled=\u00bbon|hover\u00bb button_bg_color__hover=\u00bb#000000&#8243; button_bg_enable_color__hover=\u00bbon\u00bb button_border_color__hover_enabled=\u00bbon|hover\u00bb button_border_color__hover=\u00bb#000000&#8243; button_letter_spacing__hover_enabled=\u00bbon|desktop\u00bb button_letter_spacing__hover=\u00bb1px\u00bb button_url=\u00bbhttps:\/\/optimiza.laprimera.net\/despues\u00bb sticky_enabled=\u00bb0&#8243;][\/et_pb_button][\/et_pb_column][et_pb_column type=\u00bb1_2&#8243; _builder_version=\u00bb4.27.5&#8243; _module_preset=\u00bbdefault\u00bb animation_direction=\u00bbright\u00bb global_colors_info=\u00bb{}\u00bb][et_pb_image src=\u00bbhttps:\/\/optimiza.laprimera.net\/antes\/wp-content\/uploads\/2025\/12\/Gemini_Generated_Image_y536aay536aay536-removebg-preview.png\u00bb title_text=\u00bbGemini_Generated_Image_y536aay536aay536-removebg-preview\u00bb align=\u00bbcenter\u00bb _builder_version=\u00bb4.27.5&#8243; _module_preset=\u00bbdefault\u00bb max_width_tablet=\u00bb170px\u00bb max_width_phone=\u00bb140px\u00bb max_width_last_edited=\u00bbon|phone\u00bb module_alignment_tablet=\u00bbcenter\u00bb module_alignment_phone=\u00bbcenter\u00bb module_alignment_last_edited=\u00bbon|phone\u00bb global_colors_info=\u00bb{}\u00bb][\/et_pb_image][\/et_pb_column][\/et_pb_row][\/et_pb_section][et_pb_section fb_built=\u00bb1&#8243; _builder_version=\u00bb4.27.5&#8243; _module_preset=\u00bbdefault\u00bb custom_padding=\u00bb100px||45px||false|false\u00bb border_width_right=\u00bb50px\u00bb border_color_right=\u00bb#FFFFFF\u00bb border_width_left=\u00bb50px\u00bb border_color_left=\u00bb#FFFFFF\u00bb border_width_right_tablet=\u00bb20px\u00bb border_width_right_phone=\u00bb10px\u00bb border_width_right_last_edited=\u00bbon|phone\u00bb border_width_left_tablet=\u00bb20px\u00bb border_width_left_phone=\u00bb10px\u00bb border_width_left_last_edited=\u00bbon|phone\u00bb global_colors_info=\u00bb{}\u00bb][et_pb_row column_structure=\u00bb1_3,2_3&#8243; use_custom_gutter=\u00bbon\u00bb gutter_width=\u00bb2&#8243; make_equal=\u00bbon\u00bb _builder_version=\u00bb4.27.5&#8243; _module_preset=\u00bbdefault\u00bb width=\u00bb90%\u00bb width_tablet=\u00bb90%\u00bb width_phone=\u00bb90%\u00bb width_last_edited=\u00bbon|tablet\u00bb max_width=\u00bb1170px\u00bb max_width_tablet=\u00bb90%\u00bb max_width_phone=\u00bb90%\u00bb max_width_last_edited=\u00bbon|desktop\u00bb custom_padding=\u00bb0px||35px||false|false\u00bb global_colors_info=\u00bb{}\u00bb][et_pb_column type=\u00bb1_3&#8243; _builder_version=\u00bb4.16&#8243; _module_preset=\u00bbdefault\u00bb global_colors_info=\u00bb{}\u00bb][et_pb_text _builder_version=\u00bb4.27.5&#8243; _module_preset=\u00bbdefault\u00bb header_2_font=\u00bbPoppins|600|||||||\u00bb header_2_text_align=\u00bbleft\u00bb header_2_text_color=\u00bb#000000&#8243; header_2_font_size=\u00bb36px\u00bb header_2_font_size_tablet=\u00bb\u00bb header_2_font_size_phone=\u00bb30px\u00bb header_2_font_size_last_edited=\u00bbon|phone\u00bb global_colors_info=\u00bb{}\u00bb]<\/p>\n<h2>Cosm\u00e9tica<\/h2>\n<p>[\/et_pb_text][et_pb_divider color=\u00bbgcid-0301cf1c-1d30-4bfe-b1ad-c1ad903086c4&#8243; divider_weight=\u00bb2px\u00bb _builder_version=\u00bb4.27.5&#8243; _module_preset=\u00bbdefault\u00bb max_width=\u00bb60px\u00bb module_alignment=\u00bbleft\u00bb custom_margin=\u00bb-15px||||false|false\u00bb custom_margin_tablet=\u00bb-25px||||false|false\u00bb custom_margin_phone=\u00bb-25px||||false|false\u00bb custom_margin_last_edited=\u00bbon|phone\u00bb global_colors_info=\u00bb{%22gcid-0301cf1c-1d30-4bfe-b1ad-c1ad903086c4%22:%91%22color%22%93}\u00bb][\/et_pb_divider][\/et_pb_column][et_pb_column type=\u00bb2_3&#8243; _builder_version=\u00bb4.16&#8243; _module_preset=\u00bbdefault\u00bb global_colors_info=\u00bb{}\u00bb][\/et_pb_column][\/et_pb_row][et_pb_row use_custom_gutter=\u00bbon\u00bb gutter_width=\u00bb2&#8243; make_equal=\u00bbon\u00bb _builder_version=\u00bb4.27.5&#8243; _module_preset=\u00bbdefault\u00bb width=\u00bb90%\u00bb width_tablet=\u00bb90%\u00bb width_phone=\u00bb90%\u00bb width_last_edited=\u00bbon|tablet\u00bb max_width=\u00bb1170px\u00bb max_width_tablet=\u00bb90%\u00bb max_width_phone=\u00bb90%\u00bb max_width_last_edited=\u00bbon|desktop\u00bb custom_padding=\u00bb0px||0px||true|false\u00bb global_colors_info=\u00bb{}\u00bb][et_pb_column type=\u00bb4_4&#8243; _builder_version=\u00bb4.16&#8243; _module_preset=\u00bbdefault\u00bb global_colors_info=\u00bb{}\u00bb][et_pb_shop type=\u00bbproduct_category\u00bb posts_number=\u00bb4&#8243; include_categories=\u00bb18&#8243; columns_number=\u00bb4&#8243; orderby=\u00bbdate-desc\u00bb icon_hover_color=\u00bbRGBA(0,0,0,0)\u00bb hover_overlay_color=\u00bbrgba(0,0,0,0.11)\u00bb _builder_version=\u00bb4.27.5&#8243; _module_preset=\u00bbdefault\u00bb title_font=\u00bbPoppins|600|||||||\u00bb title_text_align=\u00bbcenter\u00bb title_text_color=\u00bb#000000&#8243; title_font_size=\u00bb18px\u00bb title_line_height=\u00bb1.8em\u00bb price_font=\u00bbPoppins||||||||\u00bb price_text_align=\u00bbcenter\u00bb price_text_color=\u00bb#b20f0f\u00bb price_font_size=\u00bb16px\u00bb price_line_height=\u00bb8px\u00bb title_font_size_tablet=\u00bb\u00bb title_font_size_phone=\u00bb16px\u00bb title_font_size_last_edited=\u00bbon|phone\u00bb price_font_size_tablet=\u00bb\u00bb price_font_size_phone=\u00bb14px\u00bb price_font_size_last_edited=\u00bbon|phone\u00bb global_colors_info=\u00bb{}\u00bb][\/et_pb_shop][\/et_pb_column][\/et_pb_row][et_pb_row column_structure=\u00bb1_3,2_3&#8243; use_custom_gutter=\u00bbon\u00bb gutter_width=\u00bb2&#8243; make_equal=\u00bbon\u00bb _builder_version=\u00bb4.16&#8243; _module_preset=\u00bbdefault\u00bb width=\u00bb90%\u00bb width_tablet=\u00bb90%\u00bb width_phone=\u00bb90%\u00bb width_last_edited=\u00bbon|tablet\u00bb max_width=\u00bb1170px\u00bb max_width_tablet=\u00bb90%\u00bb max_width_phone=\u00bb90%\u00bb max_width_last_edited=\u00bbon|desktop\u00bb custom_padding=\u00bb0px||35px||false|false\u00bb global_colors_info=\u00bb{}\u00bb][et_pb_column type=\u00bb1_3&#8243; _builder_version=\u00bb4.16&#8243; _module_preset=\u00bbdefault\u00bb global_colors_info=\u00bb{}\u00bb][et_pb_text _builder_version=\u00bb4.27.5&#8243; _module_preset=\u00bbdefault\u00bb header_2_font=\u00bbPoppins|600|||||||\u00bb header_2_text_align=\u00bbleft\u00bb header_2_text_color=\u00bb#000000&#8243; header_2_font_size=\u00bb36px\u00bb header_2_font_size_tablet=\u00bb\u00bb header_2_font_size_phone=\u00bb30px\u00bb header_2_font_size_last_edited=\u00bbon|phone\u00bb global_colors_info=\u00bb{}\u00bb]<\/p>\n<h2>T\u00e9s e infusiones<\/h2>\n<p>[\/et_pb_text][et_pb_divider color=\u00bb#0c71c3&#8243; divider_weight=\u00bb2px\u00bb _builder_version=\u00bb4.16&#8243; _module_preset=\u00bbdefault\u00bb max_width=\u00bb60px\u00bb module_alignment=\u00bbleft\u00bb custom_margin=\u00bb-15px||||false|false\u00bb custom_margin_tablet=\u00bb-25px||||false|false\u00bb custom_margin_phone=\u00bb-25px||||false|false\u00bb custom_margin_last_edited=\u00bbon|phone\u00bb global_colors_info=\u00bb{}\u00bb][\/et_pb_divider][\/et_pb_column][et_pb_column type=\u00bb2_3&#8243; _builder_version=\u00bb4.16&#8243; _module_preset=\u00bbdefault\u00bb global_colors_info=\u00bb{}\u00bb][\/et_pb_column][\/et_pb_row][et_pb_row use_custom_gutter=\u00bbon\u00bb gutter_width=\u00bb2&#8243; make_equal=\u00bbon\u00bb _builder_version=\u00bb4.16&#8243; _module_preset=\u00bbdefault\u00bb width=\u00bb90%\u00bb width_tablet=\u00bb90%\u00bb width_phone=\u00bb90%\u00bb width_last_edited=\u00bbon|tablet\u00bb max_width=\u00bb1170px\u00bb max_width_tablet=\u00bb90%\u00bb max_width_phone=\u00bb90%\u00bb max_width_last_edited=\u00bbon|desktop\u00bb custom_padding=\u00bb0px||0px||true|false\u00bb global_colors_info=\u00bb{}\u00bb][et_pb_column type=\u00bb4_4&#8243; _builder_version=\u00bb4.16&#8243; _module_preset=\u00bbdefault\u00bb global_colors_info=\u00bb{}\u00bb][et_pb_shop type=\u00bbproduct_category\u00bb posts_number=\u00bb4&#8243; include_categories=\u00bb25&#8243; columns_number=\u00bb4&#8243; orderby=\u00bbdate-desc\u00bb icon_hover_color=\u00bbRGBA(0,0,0,0)\u00bb hover_overlay_color=\u00bbrgba(0,0,0,0.11)\u00bb _builder_version=\u00bb4.27.5&#8243; _module_preset=\u00bbdefault\u00bb title_font=\u00bbPoppins|600|||||||\u00bb title_text_align=\u00bbcenter\u00bb title_text_color=\u00bb#000000&#8243; title_font_size=\u00bb18px\u00bb title_line_height=\u00bb1.8em\u00bb price_font=\u00bbPoppins||||||||\u00bb price_text_align=\u00bbcenter\u00bb price_text_color=\u00bb#b20f0f\u00bb price_font_size=\u00bb16px\u00bb price_line_height=\u00bb8px\u00bb title_font_size_tablet=\u00bb\u00bb title_font_size_phone=\u00bb16px\u00bb title_font_size_last_edited=\u00bbon|phone\u00bb price_font_size_tablet=\u00bb\u00bb price_font_size_phone=\u00bb14px\u00bb price_font_size_last_edited=\u00bbon|phone\u00bb global_colors_info=\u00bb{}\u00bb][\/et_pb_shop][\/et_pb_column][\/et_pb_row][et_pb_row column_structure=\u00bb1_3,2_3&#8243; use_custom_gutter=\u00bbon\u00bb gutter_width=\u00bb2&#8243; make_equal=\u00bbon\u00bb _builder_version=\u00bb4.16&#8243; _module_preset=\u00bbdefault\u00bb width=\u00bb90%\u00bb width_tablet=\u00bb90%\u00bb width_phone=\u00bb90%\u00bb width_last_edited=\u00bbon|tablet\u00bb max_width=\u00bb1170px\u00bb max_width_tablet=\u00bb90%\u00bb max_width_phone=\u00bb90%\u00bb max_width_last_edited=\u00bbon|desktop\u00bb custom_padding=\u00bb0px||35px||false|false\u00bb global_colors_info=\u00bb{}\u00bb][et_pb_column type=\u00bb1_3&#8243; _builder_version=\u00bb4.16&#8243; _module_preset=\u00bbdefault\u00bb global_colors_info=\u00bb{}\u00bb][et_pb_text _builder_version=\u00bb4.27.5&#8243; _module_preset=\u00bbdefault\u00bb header_2_font=\u00bbPoppins|600|||||||\u00bb header_2_text_align=\u00bbleft\u00bb header_2_text_color=\u00bb#000000&#8243; header_2_font_size=\u00bb36px\u00bb header_2_font_size_tablet=\u00bb\u00bb header_2_font_size_phone=\u00bb30px\u00bb header_2_font_size_last_edited=\u00bbon|phone\u00bb global_colors_info=\u00bb{}\u00bb]<\/p>\n<h2>Ropa<\/h2>\n<p>[\/et_pb_text][et_pb_divider color=\u00bb#0c71c3&#8243; divider_weight=\u00bb2px\u00bb _builder_version=\u00bb4.16&#8243; _module_preset=\u00bbdefault\u00bb max_width=\u00bb60px\u00bb module_alignment=\u00bbleft\u00bb custom_margin=\u00bb-15px||||false|false\u00bb custom_margin_tablet=\u00bb-25px||||false|false\u00bb custom_margin_phone=\u00bb-25px||||false|false\u00bb custom_margin_last_edited=\u00bbon|phone\u00bb global_colors_info=\u00bb{}\u00bb][\/et_pb_divider][\/et_pb_column][et_pb_column type=\u00bb2_3&#8243; _builder_version=\u00bb4.16&#8243; _module_preset=\u00bbdefault\u00bb global_colors_info=\u00bb{}\u00bb][\/et_pb_column][\/et_pb_row][et_pb_row use_custom_gutter=\u00bbon\u00bb gutter_width=\u00bb2&#8243; make_equal=\u00bbon\u00bb _builder_version=\u00bb4.16&#8243; _module_preset=\u00bbdefault\u00bb width=\u00bb90%\u00bb width_tablet=\u00bb90%\u00bb width_phone=\u00bb90%\u00bb width_last_edited=\u00bbon|tablet\u00bb max_width=\u00bb1170px\u00bb max_width_tablet=\u00bb90%\u00bb max_width_phone=\u00bb90%\u00bb max_width_last_edited=\u00bbon|desktop\u00bb custom_padding=\u00bb0px||0px||true|false\u00bb global_colors_info=\u00bb{}\u00bb][et_pb_column type=\u00bb4_4&#8243; _builder_version=\u00bb4.16&#8243; _module_preset=\u00bbdefault\u00bb global_colors_info=\u00bb{}\u00bb][et_pb_shop type=\u00bbproduct_category\u00bb posts_number=\u00bb4&#8243; include_categories=\u00bb33&#8243; columns_number=\u00bb4&#8243; orderby=\u00bbdate-desc\u00bb icon_hover_color=\u00bbRGBA(0,0,0,0)\u00bb hover_overlay_color=\u00bbrgba(0,0,0,0.11)\u00bb _builder_version=\u00bb4.27.5&#8243; _module_preset=\u00bbdefault\u00bb title_font=\u00bbPoppins|600|||||||\u00bb title_text_align=\u00bbcenter\u00bb title_text_color=\u00bb#000000&#8243; title_font_size=\u00bb18px\u00bb title_line_height=\u00bb1.8em\u00bb price_font=\u00bbPoppins||||||||\u00bb price_text_align=\u00bbcenter\u00bb price_text_color=\u00bb#b20f0f\u00bb price_font_size=\u00bb16px\u00bb price_line_height=\u00bb8px\u00bb title_font_size_tablet=\u00bb\u00bb title_font_size_phone=\u00bb16px\u00bb title_font_size_last_edited=\u00bbon|phone\u00bb price_font_size_tablet=\u00bb\u00bb price_font_size_phone=\u00bb14px\u00bb price_font_size_last_edited=\u00bbon|phone\u00bb global_colors_info=\u00bb{}\u00bb][\/et_pb_shop][\/et_pb_column][\/et_pb_row][et_pb_row column_structure=\u00bb1_3,2_3&#8243; use_custom_gutter=\u00bbon\u00bb gutter_width=\u00bb2&#8243; make_equal=\u00bbon\u00bb _builder_version=\u00bb4.16&#8243; _module_preset=\u00bbdefault\u00bb width=\u00bb90%\u00bb width_tablet=\u00bb90%\u00bb width_phone=\u00bb90%\u00bb width_last_edited=\u00bbon|tablet\u00bb max_width=\u00bb1170px\u00bb max_width_tablet=\u00bb90%\u00bb max_width_phone=\u00bb90%\u00bb max_width_last_edited=\u00bbon|desktop\u00bb custom_padding=\u00bb0px||35px||false|false\u00bb global_colors_info=\u00bb{}\u00bb][et_pb_column type=\u00bb1_3&#8243; _builder_version=\u00bb4.16&#8243; _module_preset=\u00bbdefault\u00bb global_colors_info=\u00bb{}\u00bb][et_pb_text _builder_version=\u00bb4.27.5&#8243; _module_preset=\u00bbdefault\u00bb header_2_font=\u00bbPoppins|600|||||||\u00bb header_2_text_align=\u00bbleft\u00bb header_2_text_color=\u00bb#000000&#8243; header_2_font_size=\u00bb36px\u00bb header_2_font_size_tablet=\u00bb\u00bb header_2_font_size_phone=\u00bb30px\u00bb header_2_font_size_last_edited=\u00bbon|phone\u00bb global_colors_info=\u00bb{}\u00bb]<\/p>\n<h2>Alimentaci\u00f3n<\/h2>\n<p>[\/et_pb_text][et_pb_divider color=\u00bb#0c71c3&#8243; divider_weight=\u00bb2px\u00bb _builder_version=\u00bb4.16&#8243; _module_preset=\u00bbdefault\u00bb max_width=\u00bb60px\u00bb module_alignment=\u00bbleft\u00bb custom_margin=\u00bb-15px||||false|false\u00bb custom_margin_tablet=\u00bb-25px||||false|false\u00bb custom_margin_phone=\u00bb-25px||||false|false\u00bb custom_margin_last_edited=\u00bbon|phone\u00bb global_colors_info=\u00bb{}\u00bb][\/et_pb_divider][\/et_pb_column][et_pb_column type=\u00bb2_3&#8243; _builder_version=\u00bb4.16&#8243; _module_preset=\u00bbdefault\u00bb global_colors_info=\u00bb{}\u00bb][\/et_pb_column][\/et_pb_row][et_pb_row use_custom_gutter=\u00bbon\u00bb gutter_width=\u00bb2&#8243; make_equal=\u00bbon\u00bb _builder_version=\u00bb4.16&#8243; _module_preset=\u00bbdefault\u00bb width=\u00bb90%\u00bb width_tablet=\u00bb90%\u00bb width_phone=\u00bb90%\u00bb width_last_edited=\u00bbon|tablet\u00bb max_width=\u00bb1170px\u00bb max_width_tablet=\u00bb90%\u00bb max_width_phone=\u00bb90%\u00bb max_width_last_edited=\u00bbon|desktop\u00bb custom_padding=\u00bb0px||0px||true|false\u00bb global_colors_info=\u00bb{}\u00bb][et_pb_column type=\u00bb4_4&#8243; _builder_version=\u00bb4.16&#8243; _module_preset=\u00bbdefault\u00bb global_colors_info=\u00bb{}\u00bb][et_pb_shop type=\u00bbproduct_category\u00bb posts_number=\u00bb4&#8243; include_categories=\u00bb62&#8243; columns_number=\u00bb4&#8243; orderby=\u00bbdate-desc\u00bb icon_hover_color=\u00bbRGBA(0,0,0,0)\u00bb hover_overlay_color=\u00bbrgba(0,0,0,0.11)\u00bb _builder_version=\u00bb4.27.5&#8243; _module_preset=\u00bbdefault\u00bb title_font=\u00bbPoppins|600|||||||\u00bb title_text_align=\u00bbcenter\u00bb title_text_color=\u00bb#000000&#8243; title_font_size=\u00bb18px\u00bb title_line_height=\u00bb1.8em\u00bb price_font=\u00bbPoppins||||||||\u00bb price_text_align=\u00bbcenter\u00bb price_text_color=\u00bb#b20f0f\u00bb price_font_size=\u00bb16px\u00bb price_line_height=\u00bb8px\u00bb title_font_size_tablet=\u00bb\u00bb title_font_size_phone=\u00bb16px\u00bb title_font_size_last_edited=\u00bbon|phone\u00bb price_font_size_tablet=\u00bb\u00bb price_font_size_phone=\u00bb14px\u00bb price_font_size_last_edited=\u00bbon|phone\u00bb global_colors_info=\u00bb{}\u00bb][\/et_pb_shop][\/et_pb_column][\/et_pb_row][et_pb_row column_structure=\u00bb1_3,2_3&#8243; use_custom_gutter=\u00bbon\u00bb gutter_width=\u00bb2&#8243; make_equal=\u00bbon\u00bb _builder_version=\u00bb4.16&#8243; _module_preset=\u00bbdefault\u00bb width=\u00bb90%\u00bb width_tablet=\u00bb90%\u00bb width_phone=\u00bb90%\u00bb width_last_edited=\u00bbon|tablet\u00bb max_width=\u00bb1170px\u00bb max_width_tablet=\u00bb90%\u00bb max_width_phone=\u00bb90%\u00bb max_width_last_edited=\u00bbon|desktop\u00bb custom_padding=\u00bb0px||35px||false|false\u00bb global_colors_info=\u00bb{}\u00bb][et_pb_column type=\u00bb1_3&#8243; _builder_version=\u00bb4.16&#8243; _module_preset=\u00bbdefault\u00bb global_colors_info=\u00bb{}\u00bb][et_pb_text _builder_version=\u00bb4.27.5&#8243; _module_preset=\u00bbdefault\u00bb header_2_font=\u00bbPoppins|600|||||||\u00bb header_2_text_align=\u00bbleft\u00bb header_2_text_color=\u00bb#000000&#8243; header_2_font_size=\u00bb36px\u00bb header_2_font_size_tablet=\u00bb\u00bb header_2_font_size_phone=\u00bb30px\u00bb header_2_font_size_last_edited=\u00bbon|phone\u00bb global_colors_info=\u00bb{}\u00bb]<\/p>\n<h2>Complementos<\/h2>\n<p>[\/et_pb_text][et_pb_divider color=\u00bb#0c71c3&#8243; divider_weight=\u00bb2px\u00bb _builder_version=\u00bb4.16&#8243; _module_preset=\u00bbdefault\u00bb max_width=\u00bb60px\u00bb module_alignment=\u00bbleft\u00bb custom_margin=\u00bb-15px||||false|false\u00bb custom_margin_tablet=\u00bb-25px||||false|false\u00bb custom_margin_phone=\u00bb-25px||||false|false\u00bb custom_margin_last_edited=\u00bbon|phone\u00bb global_colors_info=\u00bb{}\u00bb][\/et_pb_divider][\/et_pb_column][et_pb_column type=\u00bb2_3&#8243; _builder_version=\u00bb4.16&#8243; _module_preset=\u00bbdefault\u00bb global_colors_info=\u00bb{}\u00bb][\/et_pb_column][\/et_pb_row][et_pb_row use_custom_gutter=\u00bbon\u00bb gutter_width=\u00bb2&#8243; make_equal=\u00bbon\u00bb _builder_version=\u00bb4.16&#8243; _module_preset=\u00bbdefault\u00bb width=\u00bb90%\u00bb width_tablet=\u00bb90%\u00bb width_phone=\u00bb90%\u00bb width_last_edited=\u00bbon|tablet\u00bb max_width=\u00bb1170px\u00bb max_width_tablet=\u00bb90%\u00bb max_width_phone=\u00bb90%\u00bb max_width_last_edited=\u00bbon|desktop\u00bb custom_padding=\u00bb0px||0px||true|false\u00bb global_colors_info=\u00bb{}\u00bb][et_pb_column type=\u00bb4_4&#8243; _builder_version=\u00bb4.16&#8243; _module_preset=\u00bbdefault\u00bb global_colors_info=\u00bb{}\u00bb][et_pb_shop type=\u00bbproduct_category\u00bb posts_number=\u00bb4&#8243; include_categories=\u00bb69&#8243; columns_number=\u00bb4&#8243; orderby=\u00bbdate-desc\u00bb icon_hover_color=\u00bbRGBA(0,0,0,0)\u00bb hover_overlay_color=\u00bbrgba(0,0,0,0.11)\u00bb _builder_version=\u00bb4.27.5&#8243; _module_preset=\u00bbdefault\u00bb title_font=\u00bbPoppins|600|||||||\u00bb title_text_align=\u00bbcenter\u00bb title_text_color=\u00bb#000000&#8243; title_font_size=\u00bb18px\u00bb title_line_height=\u00bb1.8em\u00bb price_font=\u00bbPoppins||||||||\u00bb price_text_align=\u00bbcenter\u00bb price_text_color=\u00bb#b20f0f\u00bb price_font_size=\u00bb16px\u00bb price_line_height=\u00bb8px\u00bb title_font_size_tablet=\u00bb\u00bb title_font_size_phone=\u00bb16px\u00bb title_font_size_last_edited=\u00bbon|phone\u00bb price_font_size_tablet=\u00bb\u00bb price_font_size_phone=\u00bb14px\u00bb price_font_size_last_edited=\u00bbon|phone\u00bb global_colors_info=\u00bb{}\u00bb][\/et_pb_shop][\/et_pb_column][\/et_pb_row][\/et_pb_section]<\/p>\n","protected":false},"excerpt":{"rendered":"<p>LA PRIMERA TELECOMUNICACI\u00d3NOptimiza tus productosA continuaci\u00f3n encontrar\u00e1s una variedad de productos de ejemplo, as\u00ed podr\u00e1s ver el antes y el despu\u00e9s de c\u00f3mo pueden llegar a verse tus productos en tu tienda online.Descubre el antes y el despu\u00e9s de c\u00f3mo pueden verse tus productos tras contratar nuestro servicio.Cosm\u00e9ticaT\u00e9s e infusionesRopaAlimentaci\u00f3nComplementos<\/p>\n","protected":false},"author":1,"featured_media":0,"parent":0,"menu_order":0,"comment_status":"closed","ping_status":"closed","template":"","meta":{"_et_pb_use_builder":"on","_et_pb_old_content":"","_et_gb_content_width":"","footnotes":""},"class_list":["post-7","page","type-page","status-publish","hentry"],"_links":{"self":[{"href":"https:\/\/optimiza.laprimera.net\/antes\/wp-json\/wp\/v2\/pages\/7","targetHints":{"allow":["GET"]}}],"collection":[{"href":"https:\/\/optimiza.laprimera.net\/antes\/wp-json\/wp\/v2\/pages"}],"about":[{"href":"https:\/\/optimiza.laprimera.net\/antes\/wp-json\/wp\/v2\/types\/page"}],"author":[{"embeddable":true,"href":"https:\/\/optimiza.laprimera.net\/antes\/wp-json\/wp\/v2\/users\/1"}],"replies":[{"embeddable":true,"href":"https:\/\/optimiza.laprimera.net\/antes\/wp-json\/wp\/v2\/comments?post=7"}],"version-history":[{"count":13,"href":"https:\/\/optimiza.laprimera.net\/antes\/wp-json\/wp\/v2\/pages\/7\/revisions"}],"predecessor-version":[{"id":230641,"href":"https:\/\/optimiza.laprimera.net\/antes\/wp-json\/wp\/v2\/pages\/7\/revisions\/230641"}],"wp:attachment":[{"href":"https:\/\/optimiza.laprimera.net\/antes\/wp-json\/wp\/v2\/media?parent=7"}],"curies":[{"name":"wp","href":"https:\/\/api.w.org\/{rel}","templated":true}]}}