{"id":65527,"date":"2025-12-18T11:31:39","date_gmt":"2025-12-18T10:31:39","guid":{"rendered":"https:\/\/optimiza.laprimera.net\/antes\/?post_type=product&#038;p=65527"},"modified":"2025-12-18T11:35:28","modified_gmt":"2025-12-18T10:35:28","slug":"snow-white-cream-piel-con-manchas-natysal","status":"publish","type":"product","link":"https:\/\/optimiza.laprimera.net\/antes\/product\/snow-white-cream-piel-con-manchas-natysal\/","title":{"rendered":"Snow White Cream piel con Manchas &#8211; Natysal"},"content":{"rendered":"<p>Crema con activos despigmentantes que ayudan a restaurar la uniformidad de la piel logrando as\u00ed un aspecto m\u00e1s luminoso y radiante inmediato. Contiene:<br \/>\nVitamina C estabilizada: ayuda a prevenir los signos del envejecimiento, promoviendo la formaci\u00f3n de nuevo col\u00e1geno y recuperando la luminosidad de la piel.<br \/>\nSensibright Dual White WD: efecto blanqueante e iluminador instant\u00e1neo con un acabado natural. Actividad despigmentante a largo plazo.<br \/>\nAzeloglicina: activo derivado del \u00e1cido azelaico que aporta luminosidad, unifica el tono, mejorando la calidad de la piel para un aspecto m\u00e1s luminoso y radiante.<br \/>\nMelitane\u2122 GL activo con propiedades protectoras frente al fotoenvejecimiento y una acci\u00f3n preventiva frente al da\u00f1o causado sobre el ADN por la radiaci\u00f3n UV.<br \/>\nActivo basado en c\u00e9lulas madre de granada: perfecciona la luminosidad, unifica el tono y la textura, potencia el resplandor y el brillo.<\/p>\n","protected":false},"excerpt":{"rendered":"<p>Pieles con manchas, crema con activos despigmentantes.<\/p>\n","protected":false},"featured_media":65541,"comment_status":"open","ping_status":"closed","template":"","meta":{"_et_pb_use_builder":"","_et_pb_old_content":"","_et_gb_content_width":""},"product_brand":[],"product_cat":[18],"product_tag":[],"class_list":{"0":"post-65527","1":"product","2":"type-product","3":"status-publish","4":"has-post-thumbnail","6":"product_cat-cosmetica","8":"first","9":"instock","10":"shipping-taxable","11":"purchasable","12":"product-type-simple"},"_links":{"self":[{"href":"https:\/\/optimiza.laprimera.net\/antes\/wp-json\/wp\/v2\/product\/65527","targetHints":{"allow":["GET"]}}],"collection":[{"href":"https:\/\/optimiza.laprimera.net\/antes\/wp-json\/wp\/v2\/product"}],"about":[{"href":"https:\/\/optimiza.laprimera.net\/antes\/wp-json\/wp\/v2\/types\/product"}],"replies":[{"embeddable":true,"href":"https:\/\/optimiza.laprimera.net\/antes\/wp-json\/wp\/v2\/comments?post=65527"}],"wp:featuredmedia":[{"embeddable":true,"href":"https:\/\/optimiza.laprimera.net\/antes\/wp-json\/wp\/v2\/media\/65541"}],"wp:attachment":[{"href":"https:\/\/optimiza.laprimera.net\/antes\/wp-json\/wp\/v2\/media?parent=65527"}],"wp:term":[{"taxonomy":"product_brand","embeddable":true,"href":"https:\/\/optimiza.laprimera.net\/antes\/wp-json\/wp\/v2\/product_brand?post=65527"},{"taxonomy":"product_cat","embeddable":true,"href":"https:\/\/optimiza.laprimera.net\/antes\/wp-json\/wp\/v2\/product_cat?post=65527"},{"taxonomy":"product_tag","embeddable":true,"href":"https:\/\/optimiza.laprimera.net\/antes\/wp-json\/wp\/v2\/product_tag?post=65527"}],"curies":[{"name":"wp","href":"https:\/\/api.w.org\/{rel}","templated":true}]}}