{"id":65529,"date":"2025-12-18T11:31:40","date_gmt":"2025-12-18T10:31:40","guid":{"rendered":"https:\/\/optimiza.laprimera.net\/antes\/?post_type=product&#038;p=65529"},"modified":"2025-12-18T11:31:52","modified_gmt":"2025-12-18T10:31:52","slug":"acido-hialuronico-4d-colageno-natysal","status":"publish","type":"product","link":"https:\/\/optimiza.laprimera.net\/antes\/product\/acido-hialuronico-4d-colageno-natysal\/","title":{"rendered":"\u00c1cido hialur\u00f3nico 4D + col\u00e1geno &#8211; Natysal"},"content":{"rendered":"<p>Crema con activos redensificantes e hidratantes con una combinaci\u00f3n de cuatro \u00e1cidos hialur\u00f3nicos, col\u00e1geno, manteca de karit\u00e9 y pantenol que aporta tersura y firmeza con un plus de hidrataci\u00f3n. Especialmente indicado para pieles maduras. \u00dasala como base de maquillaje.<\/p>\n","protected":false},"excerpt":{"rendered":"<p>Aporta tersura y firmeza con un plus de hidrataci\u00f3n.<\/p>\n","protected":false},"featured_media":65543,"comment_status":"open","ping_status":"closed","template":"","meta":{"_et_pb_use_builder":"","_et_pb_old_content":"","_et_gb_content_width":""},"product_brand":[],"product_cat":[18],"product_tag":[],"class_list":{"0":"post-65529","1":"product","2":"type-product","3":"status-publish","4":"has-post-thumbnail","6":"product_cat-cosmetica","8":"first","9":"instock","10":"shipping-taxable","11":"purchasable","12":"product-type-simple"},"_links":{"self":[{"href":"https:\/\/optimiza.laprimera.net\/antes\/wp-json\/wp\/v2\/product\/65529","targetHints":{"allow":["GET"]}}],"collection":[{"href":"https:\/\/optimiza.laprimera.net\/antes\/wp-json\/wp\/v2\/product"}],"about":[{"href":"https:\/\/optimiza.laprimera.net\/antes\/wp-json\/wp\/v2\/types\/product"}],"replies":[{"embeddable":true,"href":"https:\/\/optimiza.laprimera.net\/antes\/wp-json\/wp\/v2\/comments?post=65529"}],"wp:featuredmedia":[{"embeddable":true,"href":"https:\/\/optimiza.laprimera.net\/antes\/wp-json\/wp\/v2\/media\/65543"}],"wp:attachment":[{"href":"https:\/\/optimiza.laprimera.net\/antes\/wp-json\/wp\/v2\/media?parent=65529"}],"wp:term":[{"taxonomy":"product_brand","embeddable":true,"href":"https:\/\/optimiza.laprimera.net\/antes\/wp-json\/wp\/v2\/product_brand?post=65529"},{"taxonomy":"product_cat","embeddable":true,"href":"https:\/\/optimiza.laprimera.net\/antes\/wp-json\/wp\/v2\/product_cat?post=65529"},{"taxonomy":"product_tag","embeddable":true,"href":"https:\/\/optimiza.laprimera.net\/antes\/wp-json\/wp\/v2\/product_tag?post=65529"}],"curies":[{"name":"wp","href":"https:\/\/api.w.org\/{rel}","templated":true}]}}