{"id":65530,"date":"2025-12-18T11:31:40","date_gmt":"2025-12-18T10:31:40","guid":{"rendered":"https:\/\/optimiza.laprimera.net\/antes\/?post_type=product&#038;p=65530"},"modified":"2025-12-18T11:31:55","modified_gmt":"2025-12-18T10:31:55","slug":"mousse-limpiadora-arbol-del-te-natysal","status":"publish","type":"product","link":"https:\/\/optimiza.laprimera.net\/antes\/product\/mousse-limpiadora-arbol-del-te-natysal\/","title":{"rendered":"Mousse Limpiadora \u00c1rbol del T\u00e9 &#8211; Natysal"},"content":{"rendered":"<p>Limpiador facial en formato espuma formulado con aceite esencial de \u00e1rbol de t\u00e9, extracto de camomila y \u00e1cido salic\u00edlico que limpia en profundidad, reduciendo el exceso de producci\u00f3n de sebo, evitando el riesgo de padecer granos o espinillas. Su uso continuado mejora la textura de la piel y le aporta luminosidad.<\/p>\n","protected":false},"excerpt":{"rendered":"<p>Lavado facial purificante.<\/p>\n","protected":false},"featured_media":65544,"comment_status":"open","ping_status":"closed","template":"","meta":{"_et_pb_use_builder":"","_et_pb_old_content":"","_et_gb_content_width":""},"product_brand":[],"product_cat":[18],"product_tag":[],"class_list":{"0":"post-65530","1":"product","2":"type-product","3":"status-publish","4":"has-post-thumbnail","6":"product_cat-cosmetica","8":"first","9":"instock","10":"shipping-taxable","11":"purchasable","12":"product-type-simple"},"_links":{"self":[{"href":"https:\/\/optimiza.laprimera.net\/antes\/wp-json\/wp\/v2\/product\/65530","targetHints":{"allow":["GET"]}}],"collection":[{"href":"https:\/\/optimiza.laprimera.net\/antes\/wp-json\/wp\/v2\/product"}],"about":[{"href":"https:\/\/optimiza.laprimera.net\/antes\/wp-json\/wp\/v2\/types\/product"}],"replies":[{"embeddable":true,"href":"https:\/\/optimiza.laprimera.net\/antes\/wp-json\/wp\/v2\/comments?post=65530"}],"wp:featuredmedia":[{"embeddable":true,"href":"https:\/\/optimiza.laprimera.net\/antes\/wp-json\/wp\/v2\/media\/65544"}],"wp:attachment":[{"href":"https:\/\/optimiza.laprimera.net\/antes\/wp-json\/wp\/v2\/media?parent=65530"}],"wp:term":[{"taxonomy":"product_brand","embeddable":true,"href":"https:\/\/optimiza.laprimera.net\/antes\/wp-json\/wp\/v2\/product_brand?post=65530"},{"taxonomy":"product_cat","embeddable":true,"href":"https:\/\/optimiza.laprimera.net\/antes\/wp-json\/wp\/v2\/product_cat?post=65530"},{"taxonomy":"product_tag","embeddable":true,"href":"https:\/\/optimiza.laprimera.net\/antes\/wp-json\/wp\/v2\/product_tag?post=65530"}],"curies":[{"name":"wp","href":"https:\/\/api.w.org\/{rel}","templated":true}]}}