{"id":65560,"date":"2025-12-18T11:38:09","date_gmt":"2025-12-18T10:38:09","guid":{"rendered":"https:\/\/optimiza.laprimera.net\/antes\/?post_type=product&#038;p=65560"},"modified":"2025-12-18T11:38:26","modified_gmt":"2025-12-18T10:38:26","slug":"manzanilla-amarga-plantis","status":"publish","type":"product","link":"https:\/\/optimiza.laprimera.net\/antes\/product\/manzanilla-amarga-plantis\/","title":{"rendered":"Manzanilla Amarga &#8211; Plantis"},"content":{"rendered":"<p>La manzanilla es una planta medicinal que se usa para favorecer la digesti\u00f3n y prevenir la aparici\u00f3n de gases. Tambi\u00e9n ayuda a prevenir c\u00e1lculos en la ves\u00edcula. Y tradicionalmente se ha utilizado para eliminaci\u00f3n de par\u00e1sitos intestinales. Adem\u00e1s la manzanilla tiene propiedades antis\u00e9pticas y anti-inflamatorias en las infecciones oculares. Por este motivo tambi\u00e9n sirve para heridas superficiales o llagas.<br \/>\nTambi\u00e9n es una planta que tiene un efecto calmante , por lo que se puede utilizar para ayudar a conciliar el sue\u00f1o.<\/p>\n","protected":false},"excerpt":{"rendered":"<p>Favorece la digesti\u00f3n.<\/p>\n","protected":false},"featured_media":65574,"comment_status":"open","ping_status":"closed","template":"","meta":{"_et_pb_use_builder":"","_et_pb_old_content":"","_et_gb_content_width":""},"product_brand":[],"product_cat":[25],"product_tag":[],"class_list":{"0":"post-65560","1":"product","2":"type-product","3":"status-publish","4":"has-post-thumbnail","6":"product_cat-infusiones","8":"first","9":"instock","10":"shipping-taxable","11":"purchasable","12":"product-type-simple"},"_links":{"self":[{"href":"https:\/\/optimiza.laprimera.net\/antes\/wp-json\/wp\/v2\/product\/65560","targetHints":{"allow":["GET"]}}],"collection":[{"href":"https:\/\/optimiza.laprimera.net\/antes\/wp-json\/wp\/v2\/product"}],"about":[{"href":"https:\/\/optimiza.laprimera.net\/antes\/wp-json\/wp\/v2\/types\/product"}],"replies":[{"embeddable":true,"href":"https:\/\/optimiza.laprimera.net\/antes\/wp-json\/wp\/v2\/comments?post=65560"}],"wp:featuredmedia":[{"embeddable":true,"href":"https:\/\/optimiza.laprimera.net\/antes\/wp-json\/wp\/v2\/media\/65574"}],"wp:attachment":[{"href":"https:\/\/optimiza.laprimera.net\/antes\/wp-json\/wp\/v2\/media?parent=65560"}],"wp:term":[{"taxonomy":"product_brand","embeddable":true,"href":"https:\/\/optimiza.laprimera.net\/antes\/wp-json\/wp\/v2\/product_brand?post=65560"},{"taxonomy":"product_cat","embeddable":true,"href":"https:\/\/optimiza.laprimera.net\/antes\/wp-json\/wp\/v2\/product_cat?post=65560"},{"taxonomy":"product_tag","embeddable":true,"href":"https:\/\/optimiza.laprimera.net\/antes\/wp-json\/wp\/v2\/product_tag?post=65560"}],"curies":[{"name":"wp","href":"https:\/\/api.w.org\/{rel}","templated":true}]}}