{"id":65566,"date":"2025-12-18T11:38:10","date_gmt":"2025-12-18T10:38:10","guid":{"rendered":"https:\/\/optimiza.laprimera.net\/antes\/?post_type=product&#038;p=65566"},"modified":"2025-12-18T11:38:44","modified_gmt":"2025-12-18T10:38:44","slug":"te-matcha-premium-arandanos-matchaflix","status":"publish","type":"product","link":"https:\/\/optimiza.laprimera.net\/antes\/product\/te-matcha-premium-arandanos-matchaflix\/","title":{"rendered":"T\u00e9 Matcha Premium Ar\u00e1ndanos &#8211; MatchaFlix"},"content":{"rendered":"<p>\u00bfQu\u00e9 m\u00e1s le podemos pedir al T\u00e9 Matcha? Propiedades antioxidantes, energ\u00eda sin nervios, concentraci\u00f3n&#8230;Y si le sumamos un suave sabor a ar\u00e1ndano y la presentaci\u00f3n en polvo, mejor que mejor.<br \/>\nBeneficios:<br \/>\n&#8211; Energ\u00eda verde durante 24 horas, sin nervios ni ansiedad.<br \/>\n&#8211; Concentraci\u00f3n y enfoque para el estudio o el trabajo.<br \/>\n&#8211; Poder quemagrasas.<br \/>\n&#8211; Mejora tus digestiones.<br \/>\n&#8211; Reduce los niveles de az\u00facar en sangre.<\/p>\n","protected":false},"excerpt":{"rendered":"<p> Concentraci\u00f3n y enfoque para el estudio o el trabajo.<\/p>\n","protected":false},"featured_media":65580,"comment_status":"open","ping_status":"closed","template":"","meta":{"_et_pb_use_builder":"","_et_pb_old_content":"","_et_gb_content_width":""},"product_brand":[],"product_cat":[25],"product_tag":[],"class_list":{"0":"post-65566","1":"product","2":"type-product","3":"status-publish","4":"has-post-thumbnail","6":"product_cat-infusiones","8":"first","9":"instock","10":"shipping-taxable","11":"purchasable","12":"product-type-simple"},"_links":{"self":[{"href":"https:\/\/optimiza.laprimera.net\/antes\/wp-json\/wp\/v2\/product\/65566","targetHints":{"allow":["GET"]}}],"collection":[{"href":"https:\/\/optimiza.laprimera.net\/antes\/wp-json\/wp\/v2\/product"}],"about":[{"href":"https:\/\/optimiza.laprimera.net\/antes\/wp-json\/wp\/v2\/types\/product"}],"replies":[{"embeddable":true,"href":"https:\/\/optimiza.laprimera.net\/antes\/wp-json\/wp\/v2\/comments?post=65566"}],"wp:featuredmedia":[{"embeddable":true,"href":"https:\/\/optimiza.laprimera.net\/antes\/wp-json\/wp\/v2\/media\/65580"}],"wp:attachment":[{"href":"https:\/\/optimiza.laprimera.net\/antes\/wp-json\/wp\/v2\/media?parent=65566"}],"wp:term":[{"taxonomy":"product_brand","embeddable":true,"href":"https:\/\/optimiza.laprimera.net\/antes\/wp-json\/wp\/v2\/product_brand?post=65566"},{"taxonomy":"product_cat","embeddable":true,"href":"https:\/\/optimiza.laprimera.net\/antes\/wp-json\/wp\/v2\/product_cat?post=65566"},{"taxonomy":"product_tag","embeddable":true,"href":"https:\/\/optimiza.laprimera.net\/antes\/wp-json\/wp\/v2\/product_tag?post=65566"}],"curies":[{"name":"wp","href":"https:\/\/api.w.org\/{rel}","templated":true}]}}