{"id":65594,"date":"2025-12-18T11:54:23","date_gmt":"2025-12-18T10:54:23","guid":{"rendered":"https:\/\/optimiza.laprimera.net\/antes\/?post_type=product&#038;p=65594"},"modified":"2025-12-18T11:55:59","modified_gmt":"2025-12-18T10:55:59","slug":"pelele-peto","status":"publish","type":"product","link":"https:\/\/optimiza.laprimera.net\/antes\/product\/pelele-peto\/","title":{"rendered":"Pelele Peto"},"content":{"rendered":"<p>Pelele de manga con cuello camisero. Dise\u00f1o con peto simulado en superposici\u00f3n. Cierre con botones a presi\u00f3n en la parte posterior y en la entrepierna. La talla 6-9 no lleva pie para una mayor comodidad<\/p>\n","protected":false},"excerpt":{"rendered":"<p>Pelele de manga con cuello camisero. Dise\u00f1o con peto simulado en superposici\u00f3n. Cierre con botones a presi\u00f3n en la parte posterior y en la entrepierna. La talla 6-9 no lleva pie para una mayor comodidad<\/p>\n","protected":false},"featured_media":65629,"comment_status":"open","ping_status":"closed","template":"","meta":{"_et_pb_use_builder":"","_et_pb_old_content":"","_et_gb_content_width":""},"product_brand":[],"product_cat":[33],"product_tag":[],"class_list":{"0":"post-65594","1":"product","2":"type-product","3":"status-publish","4":"has-post-thumbnail","6":"product_cat-ropa","8":"first","9":"instock","10":"shipping-taxable","11":"purchasable","12":"product-type-variable"},"_links":{"self":[{"href":"https:\/\/optimiza.laprimera.net\/antes\/wp-json\/wp\/v2\/product\/65594","targetHints":{"allow":["GET"]}}],"collection":[{"href":"https:\/\/optimiza.laprimera.net\/antes\/wp-json\/wp\/v2\/product"}],"about":[{"href":"https:\/\/optimiza.laprimera.net\/antes\/wp-json\/wp\/v2\/types\/product"}],"replies":[{"embeddable":true,"href":"https:\/\/optimiza.laprimera.net\/antes\/wp-json\/wp\/v2\/comments?post=65594"}],"wp:featuredmedia":[{"embeddable":true,"href":"https:\/\/optimiza.laprimera.net\/antes\/wp-json\/wp\/v2\/media\/65629"}],"wp:attachment":[{"href":"https:\/\/optimiza.laprimera.net\/antes\/wp-json\/wp\/v2\/media?parent=65594"}],"wp:term":[{"taxonomy":"product_brand","embeddable":true,"href":"https:\/\/optimiza.laprimera.net\/antes\/wp-json\/wp\/v2\/product_brand?post=65594"},{"taxonomy":"product_cat","embeddable":true,"href":"https:\/\/optimiza.laprimera.net\/antes\/wp-json\/wp\/v2\/product_cat?post=65594"},{"taxonomy":"product_tag","embeddable":true,"href":"https:\/\/optimiza.laprimera.net\/antes\/wp-json\/wp\/v2\/product_tag?post=65594"}],"curies":[{"name":"wp","href":"https:\/\/api.w.org\/{rel}","templated":true}]}}