{"id":65608,"date":"2025-12-18T11:54:25","date_gmt":"2025-12-18T10:54:25","guid":{"rendered":"https:\/\/optimiza.laprimera.net\/antes\/?post_type=product&#038;p=65608"},"modified":"2025-12-18T11:56:17","modified_gmt":"2025-12-18T10:56:17","slug":"chandal-bebe","status":"publish","type":"product","link":"https:\/\/optimiza.laprimera.net\/antes\/product\/chandal-bebe\/","title":{"rendered":"Ch\u00e1ndal beb\u00e9"},"content":{"rendered":"<p>Ch\u00e1ndal de beb\u00e9 osito<\/p>\n","protected":false},"excerpt":{"rendered":"<p>Ch\u00e1ndal de beb\u00e9 osito<\/p>\n","protected":false},"featured_media":65681,"comment_status":"open","ping_status":"closed","template":"","meta":{"_et_pb_use_builder":"","_et_pb_old_content":"","_et_gb_content_width":""},"product_brand":[],"product_cat":[33],"product_tag":[],"class_list":{"0":"post-65608","1":"product","2":"type-product","3":"status-publish","4":"has-post-thumbnail","6":"product_cat-ropa","8":"first","9":"instock","10":"shipping-taxable","11":"purchasable","12":"product-type-variable"},"_links":{"self":[{"href":"https:\/\/optimiza.laprimera.net\/antes\/wp-json\/wp\/v2\/product\/65608","targetHints":{"allow":["GET"]}}],"collection":[{"href":"https:\/\/optimiza.laprimera.net\/antes\/wp-json\/wp\/v2\/product"}],"about":[{"href":"https:\/\/optimiza.laprimera.net\/antes\/wp-json\/wp\/v2\/types\/product"}],"replies":[{"embeddable":true,"href":"https:\/\/optimiza.laprimera.net\/antes\/wp-json\/wp\/v2\/comments?post=65608"}],"wp:featuredmedia":[{"embeddable":true,"href":"https:\/\/optimiza.laprimera.net\/antes\/wp-json\/wp\/v2\/media\/65681"}],"wp:attachment":[{"href":"https:\/\/optimiza.laprimera.net\/antes\/wp-json\/wp\/v2\/media?parent=65608"}],"wp:term":[{"taxonomy":"product_brand","embeddable":true,"href":"https:\/\/optimiza.laprimera.net\/antes\/wp-json\/wp\/v2\/product_brand?post=65608"},{"taxonomy":"product_cat","embeddable":true,"href":"https:\/\/optimiza.laprimera.net\/antes\/wp-json\/wp\/v2\/product_cat?post=65608"},{"taxonomy":"product_tag","embeddable":true,"href":"https:\/\/optimiza.laprimera.net\/antes\/wp-json\/wp\/v2\/product_tag?post=65608"}],"curies":[{"name":"wp","href":"https:\/\/api.w.org\/{rel}","templated":true}]}}