{"id":65795,"date":"2025-12-18T12:10:24","date_gmt":"2025-12-18T11:10:24","guid":{"rendered":"https:\/\/optimiza.laprimera.net\/antes\/?post_type=product&#038;p=65795"},"modified":"2025-12-18T12:10:32","modified_gmt":"2025-12-18T11:10:32","slug":"aceite-de-oliva-virgen-extra-ecologico-oro-de-genave-marasca-750-ml","status":"publish","type":"product","link":"https:\/\/optimiza.laprimera.net\/antes\/product\/aceite-de-oliva-virgen-extra-ecologico-oro-de-genave-marasca-750-ml\/","title":{"rendered":"Aceite de Oliva Virgen Extra Ecol\u00f3gico \u00abOro de G\u00e9nave\u201d Marasca 750 ML"},"content":{"rendered":"","protected":false},"excerpt":{"rendered":"<p><strong>Oro de G\u00e9nave<\/strong> avalado por el Comit\u00e9 Andaluz de Agricultura Ecol\u00f3gica (CAAE) es obtenido mediante extracci\u00f3n en fr\u00edo de aceitunas procedentes de olivos cultivados dentro del Parque Natural de las Sierras de Segura, Cazorla y las Villas.<\/p>\n<p>De color amarillo verdoso, su olor recuerda al fruto fresco, con toques de manzana, tomate, higuera y verde hoja; su sabor, equilibrado, fresco, con un ligero toque de amargo y picante, y con matices de frutado intenso que lo hacen merecedor del distintivo de Calidad Certificada, concedido a los Alimentos Andaluces de Calidad.<\/p>\n<p><strong>La caja contiene 12 Unidades<\/strong><\/p>\n","protected":false},"featured_media":65800,"comment_status":"open","ping_status":"closed","template":"","meta":{"_et_pb_use_builder":"","_et_pb_old_content":"","_et_gb_content_width":""},"product_brand":[],"product_cat":[62],"product_tag":[],"class_list":{"0":"post-65795","1":"product","2":"type-product","3":"status-publish","4":"has-post-thumbnail","6":"product_cat-aove","8":"first","9":"instock","10":"purchasable","11":"product-type-simple"},"_links":{"self":[{"href":"https:\/\/optimiza.laprimera.net\/antes\/wp-json\/wp\/v2\/product\/65795","targetHints":{"allow":["GET"]}}],"collection":[{"href":"https:\/\/optimiza.laprimera.net\/antes\/wp-json\/wp\/v2\/product"}],"about":[{"href":"https:\/\/optimiza.laprimera.net\/antes\/wp-json\/wp\/v2\/types\/product"}],"replies":[{"embeddable":true,"href":"https:\/\/optimiza.laprimera.net\/antes\/wp-json\/wp\/v2\/comments?post=65795"}],"wp:featuredmedia":[{"embeddable":true,"href":"https:\/\/optimiza.laprimera.net\/antes\/wp-json\/wp\/v2\/media\/65800"}],"wp:attachment":[{"href":"https:\/\/optimiza.laprimera.net\/antes\/wp-json\/wp\/v2\/media?parent=65795"}],"wp:term":[{"taxonomy":"product_brand","embeddable":true,"href":"https:\/\/optimiza.laprimera.net\/antes\/wp-json\/wp\/v2\/product_brand?post=65795"},{"taxonomy":"product_cat","embeddable":true,"href":"https:\/\/optimiza.laprimera.net\/antes\/wp-json\/wp\/v2\/product_cat?post=65795"},{"taxonomy":"product_tag","embeddable":true,"href":"https:\/\/optimiza.laprimera.net\/antes\/wp-json\/wp\/v2\/product_tag?post=65795"}],"curies":[{"name":"wp","href":"https:\/\/api.w.org\/{rel}","templated":true}]}}